{"id":165,"date":"2024-02-14T10:04:31","date_gmt":"2024-02-14T10:04:31","guid":{"rendered":"https:\/\/copypcv.org\/detectplan\/?post_type=product&#038;p=165"},"modified":"2024-02-16T09:12:07","modified_gmt":"2024-02-16T09:12:07","slug":"detectplan-basic","status":"publish","type":"product","link":"https:\/\/copypcv.org\/detectplan\/index.php\/producto\/detectplan-basic","title":{"rendered":"DETECTplan Basic"},"content":{"rendered":"<p>Paquete de acceso para gabinetes de orientaci\u00f3n.<\/p>\n<p>1 cuenta de acceso:<\/p>\n<ul>\n<li>1 cuenta Dpto. Orientaci\u00f3n<\/li>\n<\/ul>\n<p>&nbsp;<\/p>\n<p>Uso de test espec\u00edficos.<\/p>\n<p>TEST ilimitados durante 1 a\u00f1o.<\/p>\n","protected":false},"excerpt":{"rendered":"<p>Paquete de acceso para gabinetes de orientaci\u00f3n. 1 cuenta de acceso: 1 cuenta Dpto. Orientaci\u00f3n &nbsp; Uso de test espec\u00edficos. TEST ilimitados durante 1 a\u00f1o.<\/p>\n","protected":false},"featured_media":200,"comment_status":"open","ping_status":"closed","template":"","meta":[],"product_brand":[],"product_cat":[18],"product_tag":[],"class_list":{"0":"post-165","1":"product","2":"type-product","3":"status-publish","4":"has-post-thumbnail","6":"product_cat-sin-categorizar","8":"first","9":"instock","10":"virtual","11":"taxable","12":"purchasable","13":"product-type-simple"},"jetpack_sharing_enabled":true,"_links":{"self":[{"href":"https:\/\/copypcv.org\/detectplan\/index.php\/wp-json\/wp\/v2\/product\/165","targetHints":{"allow":["GET"]}}],"collection":[{"href":"https:\/\/copypcv.org\/detectplan\/index.php\/wp-json\/wp\/v2\/product"}],"about":[{"href":"https:\/\/copypcv.org\/detectplan\/index.php\/wp-json\/wp\/v2\/types\/product"}],"replies":[{"embeddable":true,"href":"https:\/\/copypcv.org\/detectplan\/index.php\/wp-json\/wp\/v2\/comments?post=165"}],"wp:featuredmedia":[{"embeddable":true,"href":"https:\/\/copypcv.org\/detectplan\/index.php\/wp-json\/wp\/v2\/media\/200"}],"wp:attachment":[{"href":"https:\/\/copypcv.org\/detectplan\/index.php\/wp-json\/wp\/v2\/media?parent=165"}],"wp:term":[{"taxonomy":"product_brand","embeddable":true,"href":"https:\/\/copypcv.org\/detectplan\/index.php\/wp-json\/wp\/v2\/product_brand?post=165"},{"taxonomy":"product_cat","embeddable":true,"href":"https:\/\/copypcv.org\/detectplan\/index.php\/wp-json\/wp\/v2\/product_cat?post=165"},{"taxonomy":"product_tag","embeddable":true,"href":"https:\/\/copypcv.org\/detectplan\/index.php\/wp-json\/wp\/v2\/product_tag?post=165"}],"curies":[{"name":"wp","href":"https:\/\/api.w.org\/{rel}","templated":true}]}}