{"id":164,"date":"2024-02-14T10:01:02","date_gmt":"2024-02-14T10:01:02","guid":{"rendered":"https:\/\/copypcv.org\/detectplan\/?post_type=product&#038;p=164"},"modified":"2024-02-16T09:13:19","modified_gmt":"2024-02-16T09:13:19","slug":"detectplan-premium","status":"publish","type":"product","link":"https:\/\/copypcv.org\/detectplan\/index.php\/producto\/detectplan-premium","title":{"rendered":"DETECTplan PREMIUM"},"content":{"rendered":"<p>Paquete de acceso para centros educativos con uno o m\u00e1s colegiados del COPYPCV.<\/p>\n<p>2 cuentas de acceso:<\/p>\n<ul>\n<li>1 cuenta profesor<\/li>\n<li>1 cuenta Dpto. Orientaci\u00f3n<\/li>\n<\/ul>\n<p>&nbsp;<\/p>\n<p>Uso de test gen\u00e9ricos y espec\u00edficos.<\/p>\n<p>TEST ilimitados durante 1 a\u00f1o.<\/p>\n","protected":false},"excerpt":{"rendered":"<p>Paquete de acceso para centros educativos con uno o m\u00e1s colegiados del COPYPCV. 2 cuentas de acceso: 1 cuenta profesor 1 cuenta Dpto. Orientaci\u00f3n &nbsp; Uso de test gen\u00e9ricos y espec\u00edficos. TEST ilimitados durante 1 a\u00f1o.<\/p>\n","protected":false},"featured_media":195,"comment_status":"open","ping_status":"closed","template":"","meta":[],"product_brand":[],"product_cat":[18],"product_tag":[],"class_list":{"0":"post-164","1":"product","2":"type-product","3":"status-publish","4":"has-post-thumbnail","6":"product_cat-sin-categorizar","8":"first","9":"instock","10":"virtual","11":"taxable","12":"purchasable","13":"product-type-simple"},"jetpack_sharing_enabled":true,"_links":{"self":[{"href":"https:\/\/copypcv.org\/detectplan\/index.php\/wp-json\/wp\/v2\/product\/164","targetHints":{"allow":["GET"]}}],"collection":[{"href":"https:\/\/copypcv.org\/detectplan\/index.php\/wp-json\/wp\/v2\/product"}],"about":[{"href":"https:\/\/copypcv.org\/detectplan\/index.php\/wp-json\/wp\/v2\/types\/product"}],"replies":[{"embeddable":true,"href":"https:\/\/copypcv.org\/detectplan\/index.php\/wp-json\/wp\/v2\/comments?post=164"}],"wp:featuredmedia":[{"embeddable":true,"href":"https:\/\/copypcv.org\/detectplan\/index.php\/wp-json\/wp\/v2\/media\/195"}],"wp:attachment":[{"href":"https:\/\/copypcv.org\/detectplan\/index.php\/wp-json\/wp\/v2\/media?parent=164"}],"wp:term":[{"taxonomy":"product_brand","embeddable":true,"href":"https:\/\/copypcv.org\/detectplan\/index.php\/wp-json\/wp\/v2\/product_brand?post=164"},{"taxonomy":"product_cat","embeddable":true,"href":"https:\/\/copypcv.org\/detectplan\/index.php\/wp-json\/wp\/v2\/product_cat?post=164"},{"taxonomy":"product_tag","embeddable":true,"href":"https:\/\/copypcv.org\/detectplan\/index.php\/wp-json\/wp\/v2\/product_tag?post=164"}],"curies":[{"name":"wp","href":"https:\/\/api.w.org\/{rel}","templated":true}]}}