{"id":37,"date":"2023-05-30T13:55:56","date_gmt":"2023-05-30T13:55:56","guid":{"rendered":"http:\/\/copypcv.org\/detectplan\/index.php\/one-page-express"},"modified":"2026-03-13T17:24:46","modified_gmt":"2026-03-13T17:24:46","slug":"one-page-express","status":"publish","type":"page","link":"https:\/\/copypcv.org\/detectplan\/","title":{"rendered":"Front Page"},"content":{"rendered":"<div  id=\"overlapable-2\" style=\"background-color: #ffffff;\" data-label=\"Overlapable\" data-id=\"stripped-coloured-icon-boxes\" data-category=\"overlapable\" class=\"features-coloured-icon-boxes-section\" data-overlap=\"true\"> <div  class=\"gridContainer\"> <div  class=\"features-coloured-icon-boxes-innerrow flexbox-list dark-text\" data-type=\"row\"> <div  class=\"features-coloured-icon-boxes-featurecol cp3cols\"> <div  class=\"features-coloured-icon-boxes-iconcontainer\" data-content-item-container=\"true\"> <i  data-cp-fa=\"true\" class=\"features-coloured-icon fa fa-bolt\"><\/i> <\/div> <h4  class=\"\">DETECTplan<\/h4> <p  class=\"\">Es capaz de detectar las necesidades educativas m\u00e1s frecuentes en las diferentes etapas(infantil, primaria, secundaria)<\/p>  <\/div> <div  class=\"features-coloured-icon-boxes-featurecol cp3cols\"> <div  class=\"features-coloured-icon-boxes-iconcontainer\" data-content-item-container=\"true\"> <i  data-cp-fa=\"true\" class=\"features-coloured-icon fa fa-cloud\"><\/i> <\/div> <h4  class=\"\">DETECTplan<\/h4> <p  class=\"\">Es la herramienta perfecta de colaboraci\u00f3n entre el tutor\/a y\/o el profesor\/a y el departamento de orientaci\u00f3n.&nbsp;<\/p>  <\/div> <div  class=\"features-coloured-icon-boxes-featurecol cp3cols\"> <div  class=\"features-coloured-icon-boxes-iconcontainer\" data-content-item-container=\"true\"> <i  data-cp-fa=\"true\" class=\"features-coloured-icon fa fa-pie-chart\"><\/i> <\/div> <h4  class=\"\">DETECTplan<\/h4> <p  class=\"\">Para la detecci\u00f3n de necesidades educativas &nbsp;por EXPERTOS pedagogos y psicopedagogos.<\/p>  <\/div><div  class=\"features-coloured-icon-boxes-featurecol cp3cols\"> <div  class=\"features-coloured-icon-boxes-iconcontainer\" data-content-item-container=\"true\"> <i  data-cp-fa=\"true\" class=\"features-coloured-icon fa fa-signal\"><\/i> <\/div> <h4  class=\"\">DETECTplan<\/h4> <p  class=\"\">Es f\u00e1cil de utilizar<\/p>  <\/div>  <\/div> <\/div><\/div><div  id=\"about-1\" style=\"background-color: #f6f6f6;\" data-label=\"About\" data-id=\"about-big-images-section\" data-category=\"about\" class=\"about-big-images-section\"> <div  class=\"gridContainer\"> <div  class=\"about-big-images-textrow\"> <div  class=\"about-big-images-textcol dynamic-color\" data-type=\"column\"> <h5  class=\"\">DETECTplan<\/h5> <h3  class=\"\">DETECTplan es <span  href=\"#\" class=\"span25\">la herramienta perfecta<\/span> de colaboraci\u00f3n entre tutores\/profesores y el departamento de orientaci\u00f3n<\/h3> <p  class=\"\">Mediante la realizaci\u00f3n de TEST generales y espec\u00edficos, proporcionamos a los tutores y profesores y tambi\u00e9n a los departamentos de orientaci\u00f3n la herramienta perfecta para la detecci\u00f3n temprana de nuestros alumnos. <\/p> <a class=\"button blue big\" href=\"https:\/\/copypcv.org\/detectplan\/index.php\/funcionamiento\" target=\"_blank\" rel=\"noopener\">LEA M\u00c1S<\/a> <\/div> <\/div> <\/div> <div  class=\"about-big-images-bottomrow\"> <div  class=\"about-big-images-leftimgcol\"><img  decoding=\"async\" class=\"about-big-images-leftimg\" src=\"https:\/\/copypcv.org\/detectplan\/wp-content\/uploads\/2023\/09\/pantalla_resultado_testgen.jpg\" alt=\"\"> <\/div> <div  class=\"about-big-images-centerimgcol\"><img  decoding=\"async\" class=\"about-big-images-centerimg\" src=\"https:\/\/copypcv.org\/detectplan\/wp-content\/uploads\/2023\/06\/IMG_Mac_DETECTplan.png\" alt=\"\"> <\/div> <div  class=\"about-big-images-rightimgcol\"><img  decoding=\"async\" class=\"about-big-images-rightimg\" src=\"https:\/\/copypcv.org\/detectplan\/wp-content\/uploads\/2023\/09\/pantalla_deptorientacion_3elecciones.jpg\" alt=\"\"> <\/div> <\/div> <\/div><div  id=\"content-3\" style=\"background-color: #ffffff;\" data-label=\"Content\" data-id=\"content-image-left\" data-category=\"content\" class=\"content-left-image-section\"> <div  class=\"gridContainer\"> <div  class=\"row\"> <div  class=\"content-left-image-imgcol\" data-type=\"column\"> <img  decoding=\"async\" src=\"https:\/\/copypcv.org\/detectplan\/wp-content\/uploads\/2023\/06\/IMG31_Mac_DETECTplan.jpg\" class=\"\" alt=\"\"> <\/div> <div  class=\"content-left-image-textcol dynamic-color\" data-type=\"column\"> <h2  class=\"\">Acceso v\u00eda web a este servicio<\/h2> <p  class=\"large_text\"> Sin necesidad de instalar ninguna aplicaci\u00f3n en tu equipo, &nbsp;pudiendo acceder a este servicio desde cualquier lugar y\/o dispositivo.<\/p>  <\/div> <\/div> <\/div> <\/div><div  id=\"content-4\" style=\"background-color: #f6f6f6;\" data-label=\"Content\" data-id=\"content-image-right\" data-category=\"content\" class=\"content-right-image-section\"> <div  class=\"gridContainer\"> <div  class=\"content-right-image-gridcol\"> <div  class=\"content-right-image-textcol dynamic-color\" data-type=\"column\"> <h2  class=\"\">Detecci\u00f3n Temprana<\/h2> <p  class=\"large_text\"> Una herramienta eficaz que permite la colaboraci\u00f3n de los profesores y el tutor con el Departamento de Orientaci\u00f3n para la detecci\u00f3n de necesidades educativas e iniciar un diagn\u00f3stico.<\/p>  <\/div> <div  class=\"content-right-image-imgcol\" data-type=\"column\"> <img  decoding=\"async\" src=\"https:\/\/copypcv.org\/detectplan\/wp-content\/uploads\/2023\/06\/IMG2_Mac_DETECTplan.png\" class=\"\" alt=\"\"> <\/div> <\/div> <\/div> <\/div><div  id=\"portfolio-2\" style=\"background-color: #ffffff;\" data-label=\"Portfolio\" data-id=\"portfolio-full-section\" data-category=\"portfolio\"> <div  class=\"portfolio-full-section\" data-type=\"row\"> <div  class=\"portfolio-full-projectco cp4cols cp4cols-tablet\"> <div  class=\"contentswap-effect ContentSwap103\" hover-fx=\"ContentSwap103\" id=\"ContentSwap103\"> <div  class=\"ContentSwap103_content initial-image\"><img  decoding=\"async\" class=\"portfolio-full-projectimg\" data-size=\"1200x800\" src=\"https:\/\/copypcv.org\/detectplan\/wp-content\/uploads\/2023\/09\/cropped-infantil.jpg\"> <\/div> <div  class=\"overlay\" style=\"display: block; opacity: 1;\"><\/div> <div  class=\"swap-inner\" style=\"opacity: 1; display: block;\"> <div  class=\"ContentSwap103-center\"> <h4  class=\"protfolio-full-itemtitle\">TEST PARA INFANTIL<\/h4><a class=\"button yellow\" href=\"https:\/\/copypcv.org\/detectplan\/index.php\/test-para-infantil-page\" target=\"_blank\" rel=\"noopener\">Ver<\/a> <\/div> <\/div> <\/div> <\/div> <div  class=\"portfolio-full-projectco cp4cols cp4cols-tablet\"> <div  class=\"contentswap-effect ContentSwap103\" hover-fx=\"ContentSwap103\" id=\"ContentSwap103\" is-hovered=\"1\"> <div  class=\"ContentSwap103_content initial-image\"><img  decoding=\"async\" class=\"portfolio-full-projectimg\" data-size=\"1200x800\" src=\"https:\/\/copypcv.org\/detectplan\/wp-content\/uploads\/2023\/09\/cropped-primaria.jpg\"> <\/div> <div  class=\"overlay\" style=\"display: block; opacity: 1;\"><\/div> <div  class=\"swap-inner\" style=\"opacity: 1; display: block;\"> <div  class=\"ContentSwap103-center\"> <h4  class=\"protfolio-full-itemtitle\">TEST PARA PRIMARIA<\/h4><a class=\"button yellow\" href=\"https:\/\/copypcv.org\/detectplan\/index.php\/test-para-primaria-page\" target=\"_blank\" rel=\"noopener\">Ver<\/a> <\/div> <\/div> <\/div> <\/div> <div  class=\"portfolio-full-projectco cp4cols cp4cols-tablet\"> <div  class=\"contentswap-effect ContentSwap103\" hover-fx=\"ContentSwap103\" id=\"ContentSwap103\" is-hovered=\"1\"> <div  class=\"ContentSwap103_content initial-image\"><img  decoding=\"async\" class=\"portfolio-full-projectimg\" data-size=\"1200x800\" src=\"https:\/\/copypcv.org\/detectplan\/wp-content\/uploads\/2023\/09\/cropped-secundaria.jpg\"> <\/div> <div  class=\"overlay\" style=\"display: block; opacity: 1;\"><\/div> <div  class=\"swap-inner\" style=\"opacity: 1; display: block;\"> <div  class=\"ContentSwap103-center\"> <h4  class=\"protfolio-full-itemtitle\">TEST PARA SECUNDARIA<\/h4><a class=\"button yellow\" href=\"https:\/\/copypcv.org\/detectplan\/index.php\/test-para-secundaria-page\" target=\"_blank\" rel=\"noopener\">Ver<\/a> <\/div> <\/div> <\/div> <\/div><\/div><\/div><div  data-label=\"Team\" data-id=\"team-colors-section\" data-category=\"team\" class=\"team-colors-section\" id=\"team-1\" style=\"background-color: rgb(255, 255, 255);\"> <div  class=\"gridContainer\"> <div  class=\"team-colors-textcol dynamic-color\"> <h2 >PRECIOS<\/h2> <p  class=\"\">Elije la opci\u00f3n de licencia de uso que mejor se adapte a sus necesidades, si eres un centro educativo o un gabinete de orientaci\u00f3n.\n<br ><br > Precio especial para colegiados del COPYPCV que trabajen en un centro educativo.<\/p> <\/div> <div  class=\"team-colors-membersrow dark-text\" data-type=\"row\"> <div  class=\"team-colors-membercol cp6cols-tablet cp4cols\"> <div  class=\"team-colors-membercard\"> <div  class=\"team-colors-background\"><\/div> <div  class=\"team-colors-memberinfo\" data-type=\"column\">  <h4  class=\"\"><\/h4><h2  class=\"\">CLASSIC<\/h2><p  class=\"team-colors-memberposition\">Para centros educativos&nbsp;<\/p> <h3  class=\"\">600\u20ac\/a\u00f1o<\/h3><p  class=\"\">\u2013 2 cuentas de usuario, profesor y orientador.<\/p>  <p  class=\"\"><span  style=\"font-family: &quot;Source Sans Pro&quot;, sans-serif; font-size: 18px;\">&nbsp;\u2013 Uso de TEST gen\u00e9ricos y espec\u00edficos.<\/span><\/p><p  class=\"\"><span  style=\"font-family: &quot;Source Sans Pro&quot;, sans-serif; font-size: 18px;\">\u2013 TEST ilimitados durante 1 a\u00f1o.<\/span><\/p><hr  class=\"team-colors-separator\"><p  class=\"\"><span  style=\"font-family: &quot;Source Sans Pro&quot;, sans-serif; font-size: 18px;\">*IVA incluido<\/span><\/p><\/div> <div  class=\"team-colors-membericons\" data-type=\"group\"> <a href=\"#\" target=\"_self\" data-reiki-hidden=\"true\" rel=\"noopener\"><i  data-cp-fa=\"true\" class=\"team-colors-icon fa fa-linkedin\"><\/i><\/a> <a href=\"#\" target=\"_self\" data-reiki-hidden=\"true\" rel=\"noopener\"><i  data-cp-fa=\"true\" class=\"fa team-colors-icon fa-twitter\"><\/i><\/a> <a href=\"#\" target=\"_self\" data-reiki-hidden=\"true\" rel=\"noopener\"><i  data-cp-fa=\"true\" class=\"fa team-colors-icon fa-dribbble\"><\/i><\/a> <\/div> <\/div> <\/div><div  class=\"team-colors-membercol cp6cols-tablet cp4cols\"> <div  class=\"team-colors-membercard\"> <div  class=\"team-colors-background\"><\/div> <div  class=\"team-colors-memberinfo\" data-type=\"column\">  <h1  class=\"\">PREMIUM<\/h1><p  class=\"team-colors-memberposition\">Para centros educativos con uno o m\u00e1s colegiados del COPYPCV<\/p> <h3  class=\"\">525\u20ac\/a\u00f1o<\/h3><p  class=\"\">\u2013 2 cuentas de usuario, profesor y orientador.<\/p>  <p  class=\"\"><span  style=\"font-family: &quot;Source Sans Pro&quot;, sans-serif; font-size: 18px;\">&nbsp;\u2013 Uso de TEST gen\u00e9ricos y espec\u00edficos.<\/span><\/p><p  class=\"\"><span  style=\"font-family: &quot;Source Sans Pro&quot;, sans-serif; font-size: 18px;\">\u2013 TEST ilimitados durante 1 a\u00f1o.<\/span><\/p><hr  class=\"team-colors-separator\"><p  class=\"\">*IVA incluido<\/p><\/div> <div  class=\"team-colors-membericons\" data-type=\"group\"> <a href=\"#\" target=\"_self\" data-reiki-hidden=\"true\" rel=\"noopener\"><i  data-cp-fa=\"true\" class=\"team-colors-icon fa fa-linkedin\"><\/i><\/a> <a href=\"#\" target=\"_self\" data-reiki-hidden=\"true\" rel=\"noopener\"><i  data-cp-fa=\"true\" class=\"fa team-colors-icon fa-twitter\"><\/i><\/a> <a href=\"#\" target=\"_self\" data-reiki-hidden=\"true\" rel=\"noopener\"><i  data-cp-fa=\"true\" class=\"fa team-colors-icon fa-dribbble\"><\/i><\/a> <\/div> <\/div> <\/div>  <div  class=\"team-colors-membercol cp6cols-tablet cp4cols\"> <div  class=\"team-colors-membercard\"> <div  class=\"team-colors-background\"><\/div> <div  class=\"team-colors-memberinfo\" data-type=\"column\"> <h4  class=\"team-colors-membername\"><\/h4><h2  class=\"\">BASIC<\/h2> <p  class=\"team-colors-memberposition\">Para gabinetes psicopedag\u00f3gicos<\/p> <h3  class=\"\">495\u20ac\/a\u00f1o<\/h3><p  class=\"\">\u2013 1 cuenta de usuario.\n<\/p><p  class=\"\">\u2013&nbsp;Uso de TEST&nbsp; espec\u00edficos.<\/p><p  class=\"\"><span  style=\"font-family: &quot;Source Sans Pro&quot;, sans-serif; font-size: 18px;\">\u2013 TEST ilimitados durante 1 a\u00f1o.<\/span><\/p><hr  class=\"team-colors-separator\">  <p  class=\"\"><span  style=\"font-family: &quot;Source Sans Pro&quot;, sans-serif; font-size: 18px;\">*IVA incluido<\/span><\/p><\/div> <div  class=\"team-colors-membericons\" data-type=\"group\"> <a href=\"#\" target=\"_self\" data-reiki-hidden=\"true\" rel=\"noopener\"><i  data-cp-fa=\"true\" class=\"team-colors-icon fa fa-linkedin\"><\/i><\/a> <a href=\"#\" target=\"_self\" data-reiki-hidden=\"true\" rel=\"noopener\"><i  data-cp-fa=\"true\" class=\"fa team-colors-icon fa-twitter\"><\/i><\/a> <a href=\"#\" target=\"_self\" data-reiki-hidden=\"true\" rel=\"noopener\"><i  data-cp-fa=\"true\" class=\"fa team-colors-icon fa-dribbble\"><\/i><\/a> <\/div> <\/div> <\/div>  <\/div> <\/div><\/div><div  id=\"testimonials-1\" style=\"background-color: #f6f6f6;\" data-label=\"Testimonials\" data-id=\"testimonials-boxed-section\" data-category=\"testimonials\" class=\"testimonials-boxed-section\"> <div  class=\"gridContainer\"> <div  class=\"testimonials-boxed-textcol dynamic-color\" data-type=\"column\"> <h2  class=\"\">Qu\u00e9 dicen de nosotros<\/h2> <p  class=\"\">Estas son las opiniones de quien ya nos conoce, esperamos que os puedan servir de ayuda para conocer el programa DETECTplan.&nbsp;<\/p> <\/div> <div  class=\"testimonials-boxed-itemsrow dark-text\" data-type=\"row\"> <div  class=\"testimonials-boxed-itemcol cp4cols cp6cols-tablet\"> <div  class=\"testimonials-boxed-itemcard\" data-type=\"column\"> <h4  class=\"testimonials-boxed-itemtext\">\u201cPara mi DETECTplan es una herramienta perfecta para la detecci\u00f3n temprana de las necesidades educativas m\u00e1s frecuentes en las diferentes etapas.\u201d<\/h4><img  decoding=\"async\" class=\"testimonials-boxed-itemimg\" data-size=\"500x500\" src=\"https:\/\/copypcv.org\/detectplan\/wp-content\/uploads\/2023\/06\/cropped-Enrique-Castillejo-PEDAGOGOS84_NoticiaAmpliada.jpg\" alt=\"\"> <h5  class=\"testimonials-boxed-itemname\">Enrique Castillejo<\/h5> <h6  class=\"testimonials-boxed-itempos\">Presidente&nbsp; COPYPCV<\/h6> <\/div> <\/div> <div  class=\"testimonials-boxed-itemcol cp4cols cp6cols-tablet\"> <div  class=\"testimonials-boxed-itemcard\" data-type=\"column\"> <h4  class=\"testimonials-boxed-itemtext\">\u201cMe ha resultado muy \u00fatil para determinar el camino hacia un diagn\u00f3stico.\u201d\n<br >\n<br >\n\n<\/h4><img  decoding=\"async\" class=\"testimonials-boxed-itemimg\" data-size=\"500x500\" src=\"https:\/\/copypcv.org\/detectplan\/wp-content\/uploads\/2023\/09\/face4.jpg\" alt=\"\"> <h5  class=\"testimonials-boxed-itemname\">Amparo M.<\/h5> <h6  class=\"testimonials-boxed-itempos\">PEDAGOGA<\/h6> <\/div> <\/div> <div  class=\"testimonials-boxed-itemcol cp4cols cp6cols-tablet\"> <div  class=\"testimonials-boxed-itemcard\" data-type=\"column\"> <h4  class=\"testimonials-boxed-itemtext\">\u201cComo tutor me ha servido para tener una comunicaci\u00f3n fluida y profesional con el departamento de orientaci\u00f3n.\u201d\n<br >\n\n\n<br >\n<\/h4><img  decoding=\"async\" class=\"testimonials-boxed-itemimg\" data-size=\"500x500\" src=\"https:\/\/copypcv.org\/detectplan\/wp-content\/uploads\/2023\/09\/face9.jpg\" alt=\"\"> <h5  class=\"testimonials-boxed-itemname\">Jes\u00fas G.<\/h5> <h6  class=\"testimonials-boxed-itempos\">DOCENTE<\/h6> <\/div> <\/div> <\/div> <\/div><\/div><div  id=\"latest-posts\" style=\"background-color: #ffffff;\" data-label=\"Latest posts\" data-id=\"blog-section\" data-category=\"latest_news\" class=\"blog-section\"> <div  class=\"gridContainer\"> <div  class=\"blog-textrow\"> <div  class=\"blog-textcol dynamic-color\" data-type=\"column\"> <h2  class=\"\">\u00daltimas noticias<\/h2> <p  class=\"\">Estas son las \u00faltimas noticias sobre el programa de DETECTplan.<\/p> <\/div> <\/div> <div  class=\"blog-postsrow dark-text\" data-type=\"row\" data-dynamic-columns=\"one_page_express_latest_news_columns\" data-content-shortcode=\"one_page_express_latest_news\">\t\t\t<div id=\"post-204\" class=\"blog-postcol cp4cols\">\n\t\t\t<div class=\"post-content\">\n\t\t\t\t\t\t\t\t<div class=\"row_345\">\n\t\t\t\t\t<h3 class=\"blog-title\">\n\t\t\t\t\t\t<a href=\"https:\/\/copypcv.org\/detectplan\/index.php\/archivos\/204\" rel=\"bookmark\">\n\t\t\t\t\t\t\tDETECTplan es presentada en el VIII Seminario GPDO\t\t\t\t\t\t<\/a>\n\t\t\t\t\t<\/h3>\n\t\t\t\t\t<p>M\u00e1s de 200 orientadores acudieron al seminario de formaci\u00f3n anual del COPYPCV. Como parte final del seminario, trabaj\u00f3 por parte de Enrique Castillejo, la detecci\u00f3n temprana de dificultades del aprendizaje[&hellip;]<\/p>\n\t\t\t\t\t<a class=\"button blue small\" href=\"https:\/\/copypcv.org\/detectplan\/index.php\/archivos\/204\">\n\t\t\t\t\t\t<span data-theme=\"one_page_express_latest_news_read_more\">Read more<\/span>\n\t\t\t\t\t<\/a>\n\t\t\t\t\t<hr class=\"blog-separator\">\n<div class=\"post-header\">\n    <i class=\"font-icon-post fa fa-user\"><\/i>\n    <a href=\"https:\/\/copypcv.org\/detectplan\/index.php\/archivos\/author\/detectpuser\" title=\"Entradas de detectpuser\" rel=\"author\">detectpuser<\/a>    <i class=\"font-icon-post fa fa-calendar\"><\/i>\n    <span class=\"span12\">enero 26, 2024<\/span>\n\n    <i class=\"font-icon-post fa fa-comment-o\"><\/i>\n    <span>0<\/span>\n<\/div>\t\t\t\t<\/div>\n\t\t\t<\/div>\n\t\t<\/div>\n\t\t\t\t<div id=\"post-152\" class=\"blog-postcol cp4cols\">\n\t\t\t<div class=\"post-content\">\n\t\t\t\t\t\t\t\t<div class=\"row_345\">\n\t\t\t\t\t<h3 class=\"blog-title\">\n\t\t\t\t\t\t<a href=\"https:\/\/copypcv.org\/detectplan\/index.php\/archivos\/152\" rel=\"bookmark\">\n\t\t\t\t\t\t\tDETECTplan en Eduketing 2023\t\t\t\t\t\t<\/a>\n\t\t\t\t\t<\/h3>\n\t\t\t\t\t<p>DETECTplan estar\u00e1 en su stand de patrocinadores en el XIII Congreso Internacional de Marketing Educativo &#8211; Eduketing 2023. Todos los asistentes a este magn\u00edfico congreso podr\u00e1n conocer esta aplicaci\u00f3n y[&hellip;]<\/p>\n\t\t\t\t\t<a class=\"button blue small\" href=\"https:\/\/copypcv.org\/detectplan\/index.php\/archivos\/152\">\n\t\t\t\t\t\t<span data-theme=\"one_page_express_latest_news_read_more\">Read more<\/span>\n\t\t\t\t\t<\/a>\n\t\t\t\t\t<hr class=\"blog-separator\">\n<div class=\"post-header\">\n    <i class=\"font-icon-post fa fa-user\"><\/i>\n    <a href=\"https:\/\/copypcv.org\/detectplan\/index.php\/archivos\/author\/detectpuser\" title=\"Entradas de detectpuser\" rel=\"author\">detectpuser<\/a>    <i class=\"font-icon-post fa fa-calendar\"><\/i>\n    <span class=\"span12\">noviembre 14, 2023<\/span>\n\n    <i class=\"font-icon-post fa fa-comment-o\"><\/i>\n    <span>0<\/span>\n<\/div>\t\t\t\t<\/div>\n\t\t\t<\/div>\n\t\t<\/div>\n\t\t\t\t<div id=\"post-1\" class=\"blog-postcol cp4cols\">\n\t\t\t<div class=\"post-content\">\n\t\t\t\t\t\t\t\t<div class=\"row_345\">\n\t\t\t\t\t<h3 class=\"blog-title\">\n\t\t\t\t\t\t<a href=\"https:\/\/copypcv.org\/detectplan\/index.php\/archivos\/1\" rel=\"bookmark\">\n\t\t\t\t\t\t\tHello world!\t\t\t\t\t\t<\/a>\n\t\t\t\t\t<\/h3>\n\t\t\t\t\t<p>Nace la primera versi\u00f3n de esta criatura que esperamos siga creciendo y haci\u00e9ndose m\u00e1s madura!<\/p>\n\t\t\t\t\t<a class=\"button blue small\" href=\"https:\/\/copypcv.org\/detectplan\/index.php\/archivos\/1\">\n\t\t\t\t\t\t<span data-theme=\"one_page_express_latest_news_read_more\">Read more<\/span>\n\t\t\t\t\t<\/a>\n\t\t\t\t\t<hr class=\"blog-separator\">\n<div class=\"post-header\">\n    <i class=\"font-icon-post fa fa-user\"><\/i>\n    <a href=\"https:\/\/copypcv.org\/detectplan\/index.php\/archivos\/author\/detectpuser\" title=\"Entradas de detectpuser\" rel=\"author\">detectpuser<\/a>    <i class=\"font-icon-post fa fa-calendar\"><\/i>\n    <span class=\"span12\">marzo 19, 2023<\/span>\n\n    <i class=\"font-icon-post fa fa-comment-o\"><\/i>\n    <span>0<\/span>\n<\/div>\t\t\t\t<\/div>\n\t\t\t<\/div>\n\t\t<\/div>\n\t\t<\/div> <div  class=\"blog-textcol\"> <a  class=\"button blue\" data-attr-shortcode=\"href:one_page_express_blog_link\" href=\"https:\/\/copypcv.org\/detectplan\/index.php\/blog\">TODAS LAS NOTICIAS<\/a> <\/div> <\/div><\/div><div  id=\"contact-4\" data-label=\"Contact\" data-id=\"contact-section\" data-category=\"contact\" data-bg=\"transparent\" class=\"contact-section-formsection white-text\"> <div  class=\"gridContainer\"> <div  class=\"row_224\"> <div  class=\"contact-textrow\"> <div  class=\"contact-textcol dynamic-color\"> <h2  class=\"\">Cont\u00e1ctanos<\/h2> <p  class=\"white_text\">Bienvenido\/a a nuestro formulario de consultas, nuestro equipo te respondera a la mayor brevedad posible<\/p> <\/div> <\/div> <\/div> <div  class=\"contact-formcol\" data-content-shortcode=\"one_page_express_contact_form shortcode=&quot;contact-form-7 id=&amp;amp;quot;39&amp;amp;quot; title=&amp;amp;quot;Formulario de contacto 1&amp;amp;quot;&quot;\" data-editable=\"true\">\n<div class=\"wpcf7 no-js\" id=\"wpcf7-f39-o1\" lang=\"es-ES\" dir=\"ltr\" data-wpcf7-id=\"39\">\n<div class=\"screen-reader-response\"><p role=\"status\" aria-live=\"polite\" aria-atomic=\"true\"><\/p> <ul><\/ul><\/div>\n<form action=\"\/detectplan\/index.php\/wp-json\/wp\/v2\/pages\/37#wpcf7-f39-o1\" method=\"post\" class=\"wpcf7-form init\" aria-label=\"Formulario de contacto\" novalidate=\"novalidate\" data-status=\"init\">\n<fieldset class=\"hidden-fields-container\"><input type=\"hidden\" name=\"_wpcf7\" value=\"39\" \/><input type=\"hidden\" name=\"_wpcf7_version\" value=\"6.1.5\" \/><input type=\"hidden\" name=\"_wpcf7_locale\" value=\"es_ES\" \/><input type=\"hidden\" name=\"_wpcf7_unit_tag\" value=\"wpcf7-f39-o1\" \/><input type=\"hidden\" name=\"_wpcf7_container_post\" value=\"0\" \/><input type=\"hidden\" name=\"_wpcf7_posted_data_hash\" value=\"\" \/>\n<\/fieldset>\n<p><label> Tu nombre<br \/>\n<span class=\"wpcf7-form-control-wrap\" data-name=\"your-name\"><input size=\"40\" maxlength=\"400\" class=\"wpcf7-form-control wpcf7-text wpcf7-validates-as-required\" autocomplete=\"name\" aria-required=\"true\" aria-invalid=\"false\" value=\"\" type=\"text\" name=\"your-name\" \/><\/span> <\/label>\n<\/p>\n<p><label> Tu correo electr\u00f3nico<br \/>\n<span class=\"wpcf7-form-control-wrap\" data-name=\"your-email\"><input size=\"40\" maxlength=\"400\" class=\"wpcf7-form-control wpcf7-email wpcf7-validates-as-required wpcf7-text wpcf7-validates-as-email\" autocomplete=\"email\" aria-required=\"true\" aria-invalid=\"false\" value=\"\" type=\"email\" name=\"your-email\" \/><\/span> <\/label>\n<\/p>\n<p><label> Tu tel\u00e9fono<br \/>\n<span class=\"wpcf7-form-control-wrap\" data-name=\"Telefono\"><input size=\"40\" maxlength=\"400\" class=\"wpcf7-form-control wpcf7-tel wpcf7-validates-as-required wpcf7-text wpcf7-validates-as-tel\" aria-required=\"true\" aria-invalid=\"false\" value=\"\" type=\"tel\" name=\"Telefono\" \/><\/span> <\/label>\n<\/p>\n<p><label> Asunto<br \/>\n<span class=\"wpcf7-form-control-wrap\" data-name=\"your-subject\"><input size=\"40\" maxlength=\"400\" class=\"wpcf7-form-control wpcf7-text wpcf7-validates-as-required\" aria-required=\"true\" aria-invalid=\"false\" value=\"\" type=\"text\" name=\"your-subject\" \/><\/span> <\/label>\n<\/p>\n<p><label> Tu mensaje (opcional)<br \/>\n<span class=\"wpcf7-form-control-wrap\" data-name=\"your-message\"><textarea cols=\"40\" rows=\"10\" maxlength=\"2000\" class=\"wpcf7-form-control wpcf7-textarea\" aria-invalid=\"false\" name=\"your-message\"><\/textarea><\/span> <\/label>\n<\/p>\n<p><input class=\"wpcf7-form-control wpcf7-submit has-spinner\" type=\"submit\" value=\"Enviar\" \/>\n<\/p><p style=\"display: none !important;\" class=\"akismet-fields-container\" data-prefix=\"_wpcf7_ak_\"><label>&#916;<textarea name=\"_wpcf7_ak_hp_textarea\" cols=\"45\" rows=\"8\" maxlength=\"100\"><\/textarea><\/label><input type=\"hidden\" id=\"ak_js_1\" name=\"_wpcf7_ak_js\" value=\"23\"\/><script>document.getElementById( \"ak_js_1\" ).setAttribute( \"value\", ( new Date() ).getTime() );<\/script><\/p><div class=\"wpcf7-response-output\" aria-hidden=\"true\"><\/div>\n<\/form>\n<\/div>\n<\/div> <\/div><\/div>","protected":false},"excerpt":{"rendered":"<p>DETECTplan Es capaz de detectar las necesidades educativas m\u00e1s frecuentes en las diferentes etapas(infantil, primaria, secundaria) DETECTplan Es la herramienta perfecta de colaboraci\u00f3n entre el tutor\/a y\/o el profesor\/a y el departamento de orientaci\u00f3n.&nbsp; DETECTplan Para la detecci\u00f3n de necesidades educativas &nbsp;por EXPERTOS pedagogos y psicopedagogos. DETECTplan Es f\u00e1cil de utilizar DETECTplan DETECTplan es la&hellip; <br \/> <a class=\"button small blue\" href=\"https:\/\/copypcv.org\/detectplan\/index.php\/archivos\/1\">Leer m\u00e1s<\/a><\/p>\n","protected":false},"author":1,"featured_media":0,"parent":0,"menu_order":0,"comment_status":"closed","ping_status":"closed","template":"","meta":{"footnotes":""},"class_list":["post-37","page","type-page","status-publish","hentry"],"jetpack_sharing_enabled":true,"_links":{"self":[{"href":"https:\/\/copypcv.org\/detectplan\/index.php\/wp-json\/wp\/v2\/pages\/37","targetHints":{"allow":["GET"]}}],"collection":[{"href":"https:\/\/copypcv.org\/detectplan\/index.php\/wp-json\/wp\/v2\/pages"}],"about":[{"href":"https:\/\/copypcv.org\/detectplan\/index.php\/wp-json\/wp\/v2\/types\/page"}],"author":[{"embeddable":true,"href":"https:\/\/copypcv.org\/detectplan\/index.php\/wp-json\/wp\/v2\/users\/1"}],"replies":[{"embeddable":true,"href":"https:\/\/copypcv.org\/detectplan\/index.php\/wp-json\/wp\/v2\/comments?post=37"}],"version-history":[{"count":26,"href":"https:\/\/copypcv.org\/detectplan\/index.php\/wp-json\/wp\/v2\/pages\/37\/revisions"}],"predecessor-version":[{"id":189,"href":"https:\/\/copypcv.org\/detectplan\/index.php\/wp-json\/wp\/v2\/pages\/37\/revisions\/189"}],"wp:attachment":[{"href":"https:\/\/copypcv.org\/detectplan\/index.php\/wp-json\/wp\/v2\/media?parent=37"}],"curies":[{"name":"wp","href":"https:\/\/api.w.org\/{rel}","templated":true}]}}