{"id":2,"date":"2023-05-14T05:47:28","date_gmt":"2023-05-14T05:47:28","guid":{"rendered":"http:\/\/copypcv.org\/detectplan\/?page_id=2"},"modified":"2023-09-25T10:18:25","modified_gmt":"2023-09-25T10:18:25","slug":"test-para-infantil-page","status":"publish","type":"page","link":"https:\/\/copypcv.org\/detectplan\/index.php\/test-para-infantil-page","title":{"rendered":"TEST PARA INFANTIL"},"content":{"rendered":"\n<p>Estos son los test disponibles en DETECplan para la etapa de infantil:<\/p>\n\n\n\n<blockquote class=\"wp-block-quote has-large-font-size is-layout-flow wp-block-quote-is-layout-flow\">\n<p class=\"has-medium-font-size\"><i class=\"fa fa-check fa-lg\" style=\"color: rgb(0, 209, 86); font-size: 1.33333em;\"><\/i>&nbsp;(TH)&nbsp;Test Espec\u00edfico Infantil de la Hipoacusia&nbsp;<\/p>\n\n\n\n<p class=\"has-medium-font-size\"><i class=\"fa fa-check fa-lg\" style=\"color: rgb(0, 209, 86); font-size: 1.33333em;\"><\/i>&nbsp;(TM)&nbsp;Test Espec\u00edfico Infantil de la Motricidad&nbsp;<\/p>\n\n\n\n<p class=\"has-medium-font-size\"><i class=\"fa fa-check fa-lg\" style=\"color: rgb(0, 209, 86); font-size: 1.33333em;\"><\/i>&nbsp;&nbsp;(TAU)&nbsp;Test Espec\u00edfico Infantil de Trastorno Autista&nbsp;<\/p>\n\n\n\n<p class=\"has-medium-font-size\"><i class=\"fa fa-check fa-lg\" style=\"color: rgb(0, 209, 86); font-size: 1.33333em;\"><\/i>&nbsp;(TDHA)&nbsp;Test Espec\u00edfico Infantil de TDHA<\/p>\n\n\n\n<p class=\"has-medium-font-size\"><i class=\"fa fa-check fa-lg\" style=\"color: rgb(0, 209, 86); font-size: 1.33333em;\"><\/i>&nbsp;(TEL) Test Espec\u00edfico Infantil de Dificultades del Lenguaje<\/p>\n<\/blockquote>\n","protected":false},"excerpt":{"rendered":"<p>Estos son los test disponibles en DETECplan para la etapa de infantil: &nbsp;(TH)&nbsp;Test Espec\u00edfico Infantil de la Hipoacusia&nbsp; &nbsp;(TM)&nbsp;Test Espec\u00edfico Infantil de la Motricidad&nbsp; &nbsp;&nbsp;(TAU)&nbsp;Test Espec\u00edfico Infantil de Trastorno Autista&nbsp; &nbsp;(TDHA)&nbsp;Test Espec\u00edfico Infantil de TDHA &nbsp;(TEL) Test Espec\u00edfico Infantil de Dificultades del Lenguaje<\/p>\n","protected":false},"author":1,"featured_media":34,"parent":0,"menu_order":0,"comment_status":"closed","ping_status":"closed","template":"","meta":{"footnotes":""},"class_list":["post-2","page","type-page","status-publish","has-post-thumbnail","hentry"],"jetpack_sharing_enabled":true,"_links":{"self":[{"href":"https:\/\/copypcv.org\/detectplan\/index.php\/wp-json\/wp\/v2\/pages\/2","targetHints":{"allow":["GET"]}}],"collection":[{"href":"https:\/\/copypcv.org\/detectplan\/index.php\/wp-json\/wp\/v2\/pages"}],"about":[{"href":"https:\/\/copypcv.org\/detectplan\/index.php\/wp-json\/wp\/v2\/types\/page"}],"author":[{"embeddable":true,"href":"https:\/\/copypcv.org\/detectplan\/index.php\/wp-json\/wp\/v2\/users\/1"}],"replies":[{"embeddable":true,"href":"https:\/\/copypcv.org\/detectplan\/index.php\/wp-json\/wp\/v2\/comments?post=2"}],"version-history":[{"count":6,"href":"https:\/\/copypcv.org\/detectplan\/index.php\/wp-json\/wp\/v2\/pages\/2\/revisions"}],"predecessor-version":[{"id":114,"href":"https:\/\/copypcv.org\/detectplan\/index.php\/wp-json\/wp\/v2\/pages\/2\/revisions\/114"}],"wp:featuredmedia":[{"embeddable":true,"href":"https:\/\/copypcv.org\/detectplan\/index.php\/wp-json\/wp\/v2\/media\/34"}],"wp:attachment":[{"href":"https:\/\/copypcv.org\/detectplan\/index.php\/wp-json\/wp\/v2\/media?parent=2"}],"curies":[{"name":"wp","href":"https:\/\/api.w.org\/{rel}","templated":true}]}}