{"id":138,"date":"2023-10-20T10:48:33","date_gmt":"2023-10-20T10:48:33","guid":{"rendered":"https:\/\/copypcv.org\/detectplan\/?page_id=138"},"modified":"2023-10-20T11:16:27","modified_gmt":"2023-10-20T11:16:27","slug":"funcionamiento","status":"publish","type":"page","link":"https:\/\/copypcv.org\/detectplan\/index.php\/funcionamiento","title":{"rendered":"FUNCIONAMIENTO"},"content":{"rendered":"\n<p><strong>PROFESORES Y TUTORES:<\/strong> Tienen su acceso \u00fanico donde podr\u00e1n realizar un test gen\u00e9rico. Nuestra potente herramienta determinar\u00e1 si existen indicios diagn\u00f3sticos y cu\u00e1les.<\/p>\n\n\n<div class=\"wp-block-image\">\n<figure class=\"aligncenter size-full\"><img loading=\"lazy\" decoding=\"async\" width=\"1024\" height=\"591\" src=\"https:\/\/copypcv.org\/detectplan\/wp-content\/uploads\/2023\/10\/TEST_generico_primaria_DESF_DETECTplan.jpg\" alt=\"\" class=\"wp-image-145\" srcset=\"https:\/\/copypcv.org\/detectplan\/wp-content\/uploads\/2023\/10\/TEST_generico_primaria_DESF_DETECTplan.jpg 1024w, https:\/\/copypcv.org\/detectplan\/wp-content\/uploads\/2023\/10\/TEST_generico_primaria_DESF_DETECTplan-600x346.jpg 600w, https:\/\/copypcv.org\/detectplan\/wp-content\/uploads\/2023\/10\/TEST_generico_primaria_DESF_DETECTplan-300x173.jpg 300w, https:\/\/copypcv.org\/detectplan\/wp-content\/uploads\/2023\/10\/TEST_generico_primaria_DESF_DETECTplan-768x443.jpg 768w\" sizes=\"auto, (max-width: 1024px) 100vw, 1024px\" \/><\/figure>\n<\/div>\n\n\n<p><\/p>\n\n\n\n<p><\/p>\n\n\n\n<p><strong>DEPARTAMENTO DE ORIENTACI\u00d3N:<\/strong> Tienen su acceso \u00fanico y podr\u00e1n sumistrar los test disponibles por diagn\u00f3stico ya directamente.<\/p>\n\n\n\n<p><\/p>\n\n\n<div class=\"wp-block-image\">\n<figure class=\"aligncenter size-full\"><img loading=\"lazy\" decoding=\"async\" width=\"1024\" height=\"512\" src=\"https:\/\/copypcv.org\/detectplan\/wp-content\/uploads\/2023\/10\/TEST_especificos_primaria_DETECTplan.png\" alt=\"\" class=\"wp-image-139\" srcset=\"https:\/\/copypcv.org\/detectplan\/wp-content\/uploads\/2023\/10\/TEST_especificos_primaria_DETECTplan.png 1024w, https:\/\/copypcv.org\/detectplan\/wp-content\/uploads\/2023\/10\/TEST_especificos_primaria_DETECTplan-600x300.png 600w, https:\/\/copypcv.org\/detectplan\/wp-content\/uploads\/2023\/10\/TEST_especificos_primaria_DETECTplan-300x150.png 300w, https:\/\/copypcv.org\/detectplan\/wp-content\/uploads\/2023\/10\/TEST_especificos_primaria_DETECTplan-768x384.png 768w\" sizes=\"auto, (max-width: 1024px) 100vw, 1024px\" \/><\/figure>\n<\/div>","protected":false},"excerpt":{"rendered":"<p>PROFESORES Y TUTORES: Tienen su acceso \u00fanico donde podr\u00e1n realizar un test gen\u00e9rico. Nuestra potente herramienta determinar\u00e1 si existen indicios diagn\u00f3sticos y cu\u00e1les. DEPARTAMENTO DE ORIENTACI\u00d3N: Tienen su acceso \u00fanico y podr\u00e1n sumistrar los test disponibles por diagn\u00f3stico ya directamente.<\/p>\n","protected":false},"author":1,"featured_media":0,"parent":0,"menu_order":0,"comment_status":"closed","ping_status":"closed","template":"","meta":{"footnotes":""},"class_list":["post-138","page","type-page","status-publish","hentry"],"jetpack_sharing_enabled":true,"_links":{"self":[{"href":"https:\/\/copypcv.org\/detectplan\/index.php\/wp-json\/wp\/v2\/pages\/138","targetHints":{"allow":["GET"]}}],"collection":[{"href":"https:\/\/copypcv.org\/detectplan\/index.php\/wp-json\/wp\/v2\/pages"}],"about":[{"href":"https:\/\/copypcv.org\/detectplan\/index.php\/wp-json\/wp\/v2\/types\/page"}],"author":[{"embeddable":true,"href":"https:\/\/copypcv.org\/detectplan\/index.php\/wp-json\/wp\/v2\/users\/1"}],"replies":[{"embeddable":true,"href":"https:\/\/copypcv.org\/detectplan\/index.php\/wp-json\/wp\/v2\/comments?post=138"}],"version-history":[{"count":3,"href":"https:\/\/copypcv.org\/detectplan\/index.php\/wp-json\/wp\/v2\/pages\/138\/revisions"}],"predecessor-version":[{"id":146,"href":"https:\/\/copypcv.org\/detectplan\/index.php\/wp-json\/wp\/v2\/pages\/138\/revisions\/146"}],"wp:attachment":[{"href":"https:\/\/copypcv.org\/detectplan\/index.php\/wp-json\/wp\/v2\/media?parent=138"}],"curies":[{"name":"wp","href":"https:\/\/api.w.org\/{rel}","templated":true}]}}