{"id":120,"date":"2023-09-25T10:49:01","date_gmt":"2023-09-25T10:49:01","guid":{"rendered":"http:\/\/copypcv.org\/detectplan\/?page_id=120"},"modified":"2023-09-25T10:49:01","modified_gmt":"2023-09-25T10:49:01","slug":"test-para-secundaria-page","status":"publish","type":"page","link":"https:\/\/copypcv.org\/detectplan\/index.php\/test-para-secundaria-page","title":{"rendered":"TEST PARA SECUNDARIA"},"content":{"rendered":"\n<p>Estos son los test disponibles en DETECplan para la etapa de secundaria:<\/p>\n\n\n\n<p class=\"has-medium-font-size\"><i class=\"fa fa-check fa-lg\" style=\"color: rgb(0, 209, 86); font-size: 1.33333em;\"><\/i>&nbsp;&nbsp;(TDIS)&nbsp;Test Espec\u00edfico Secundaria de Trastorno Disocial&nbsp;<\/p>\n<p class=\"has-medium-font-size\"><i class=\"fa fa-check fa-lg\" style=\"color: rgb(0, 209, 86); font-size: 1.33333em;\"><\/i>&nbsp;&nbsp;(TDHA)&nbsp;Test Espec\u00edfico Secundaria de TDHA&nbsp;<\/p>\n<p class=\"has-medium-font-size\"><i class=\"fa fa-check fa-lg\" style=\"color: rgb(0, 209, 86); font-size: 1.33333em;\"><\/i>&nbsp;&nbsp;(ASPER)&nbsp;Test Espec\u00edfico Secundaria de Asperger&nbsp;<\/p>\n<p class=\"has-medium-font-size\"><i class=\"fa fa-check fa-lg\" style=\"color: rgb(0, 209, 86); font-size: 1.33333em;\"><\/i>&nbsp;&nbsp;(TND)&nbsp;Test Espec\u00edfico Secundaria de Trastorno Negativista Desafiante&nbsp;<\/p>\n<p class=\"has-medium-font-size\"><i class=\"fa fa-check fa-lg\" style=\"color: rgb(0, 209, 86); font-size: 1.33333em;\"><\/i>&nbsp;&nbsp;(BULLYING)&nbsp;Test Acoso escolar&nbsp;<\/p>\n","protected":false},"excerpt":{"rendered":"<p>Estos son los test disponibles en DETECplan para la etapa de secundaria: &nbsp;&nbsp;(TDIS)&nbsp;Test Espec\u00edfico Secundaria de Trastorno Disocial&nbsp; &nbsp;&nbsp;(TDHA)&nbsp;Test Espec\u00edfico Secundaria de TDHA&nbsp; &nbsp;&nbsp;(ASPER)&nbsp;Test Espec\u00edfico Secundaria de Asperger&nbsp; &nbsp;&nbsp;(TND)&nbsp;Test Espec\u00edfico Secundaria de Trastorno Negativista Desafiante&nbsp; &nbsp;&nbsp;(BULLYING)&nbsp;Test Acoso escolar&nbsp;<\/p>\n","protected":false},"author":1,"featured_media":0,"parent":0,"menu_order":0,"comment_status":"closed","ping_status":"closed","template":"","meta":{"footnotes":""},"class_list":["post-120","page","type-page","status-publish","hentry"],"jetpack_sharing_enabled":true,"_links":{"self":[{"href":"https:\/\/copypcv.org\/detectplan\/index.php\/wp-json\/wp\/v2\/pages\/120","targetHints":{"allow":["GET"]}}],"collection":[{"href":"https:\/\/copypcv.org\/detectplan\/index.php\/wp-json\/wp\/v2\/pages"}],"about":[{"href":"https:\/\/copypcv.org\/detectplan\/index.php\/wp-json\/wp\/v2\/types\/page"}],"author":[{"embeddable":true,"href":"https:\/\/copypcv.org\/detectplan\/index.php\/wp-json\/wp\/v2\/users\/1"}],"replies":[{"embeddable":true,"href":"https:\/\/copypcv.org\/detectplan\/index.php\/wp-json\/wp\/v2\/comments?post=120"}],"version-history":[{"count":1,"href":"https:\/\/copypcv.org\/detectplan\/index.php\/wp-json\/wp\/v2\/pages\/120\/revisions"}],"predecessor-version":[{"id":121,"href":"https:\/\/copypcv.org\/detectplan\/index.php\/wp-json\/wp\/v2\/pages\/120\/revisions\/121"}],"wp:attachment":[{"href":"https:\/\/copypcv.org\/detectplan\/index.php\/wp-json\/wp\/v2\/media?parent=120"}],"curies":[{"name":"wp","href":"https:\/\/api.w.org\/{rel}","templated":true}]}}