{"id":117,"date":"2023-09-25T10:32:56","date_gmt":"2023-09-25T10:32:56","guid":{"rendered":"http:\/\/copypcv.org\/detectplan\/?page_id=117"},"modified":"2023-09-25T10:39:29","modified_gmt":"2023-09-25T10:39:29","slug":"test-para-primaria-page","status":"publish","type":"page","link":"https:\/\/copypcv.org\/detectplan\/index.php\/test-para-primaria-page","title":{"rendered":"TEST PARA PRIMARIA"},"content":{"rendered":"\n<p>Estos son los test disponibles en DETECplan para la etapa de primaria:<\/p>\n\n\n\n<p class=\"has-medium-font-size\"><i class=\"fa fa-check fa-lg\" style=\"color: rgb(0, 209, 86); font-size: 1.33333em;\"><\/i>&nbsp;&nbsp;(ASPER)&nbsp;Test Espec\u00edfico Primaria de Asperger&nbsp;<\/p>\n<p class=\"has-medium-font-size\"><i class=\"fa fa-check fa-lg\" style=\"color: rgb(0, 209, 86); font-size: 1.33333em;\"><\/i>&nbsp;&nbsp;(TH)&nbsp;Test Espec\u00edfico Primaria de Hipoacusia&nbsp;<\/p>\n<p class=\"has-medium-font-size\"><i class=\"fa fa-check fa-lg\" style=\"color: rgb(0, 209, 86); font-size: 1.33333em;\"><\/i>&nbsp;&nbsp;(TEL)&nbsp;Test Espec\u00edfico Primaria de los Trastornos del Lenguaje&nbsp;<\/p>\n<p class=\"has-medium-font-size\"><i class=\"fa fa-check fa-lg\" style=\"color: rgb(0, 209, 86); font-size: 1.33333em;\"><\/i>&nbsp;&nbsp;(TAU)&nbsp;Test Espec\u00edfico Primaria del Autismo&nbsp;<\/p>\n<p class=\"has-medium-font-size\"><i class=\"fa fa-check fa-lg\" style=\"color: rgb(0, 209, 86); font-size: 1.33333em;\"><\/i>&nbsp;&nbsp;(TDIS)&nbsp;Test Espec\u00edfico Primaria del Trastorno Disocial&nbsp;<\/p>\n<p class=\"has-medium-font-size\"><i class=\"fa fa-check fa-lg\" style=\"color: rgb(0, 209, 86); font-size: 1.33333em;\"><\/i>&nbsp;&nbsp;(TDHA)&nbsp;Test Espec\u00edfico Primaria de TDHA&nbsp;<\/p>\n<p class=\"has-medium-font-size\"><i class=\"fa fa-check fa-lg\" style=\"color: rgb(0, 209, 86); font-size: 1.33333em;\"><\/i>&nbsp;&nbsp;(TND)&nbsp;Test Espec\u00edfico Primaria de Trastorno Negativista Desafiante&nbsp;<\/p>\n<p class=\"has-medium-font-size\"><i class=\"fa fa-check fa-lg\" style=\"color: rgb(0, 209, 86); font-size: 1.33333em;\"><\/i>&nbsp;&nbsp;(BULLYING)&nbsp;Test Acoso escolar&nbsp;<\/p>\n","protected":false},"excerpt":{"rendered":"<p>Estos son los test disponibles en DETECplan para la etapa de primaria: &nbsp;&nbsp;(ASPER)&nbsp;Test Espec\u00edfico Primaria de Asperger&nbsp; &nbsp;&nbsp;(TH)&nbsp;Test Espec\u00edfico Primaria de Hipoacusia&nbsp; &nbsp;&nbsp;(TEL)&nbsp;Test Espec\u00edfico Primaria de los Trastornos del Lenguaje&nbsp; &nbsp;&nbsp;(TAU)&nbsp;Test Espec\u00edfico Primaria del Autismo&nbsp; &nbsp;&nbsp;(TDIS)&nbsp;Test Espec\u00edfico Primaria del Trastorno Disocial&nbsp; &nbsp;&nbsp;(TDHA)&nbsp;Test Espec\u00edfico Primaria de TDHA&nbsp; &nbsp;&nbsp;(TND)&nbsp;Test Espec\u00edfico Primaria de Trastorno Negativista Desafiante&nbsp; &nbsp;&nbsp;(BULLYING)&nbsp;Test Acoso&hellip; <br \/> <a class=\"button small blue\" href=\"https:\/\/copypcv.org\/detectplan\/index.php\/test-para-primaria-page\">Leer m\u00e1s<\/a><\/p>\n","protected":false},"author":1,"featured_media":34,"parent":0,"menu_order":0,"comment_status":"closed","ping_status":"closed","template":"","meta":{"footnotes":""},"class_list":["post-117","page","type-page","status-publish","has-post-thumbnail","hentry"],"jetpack_sharing_enabled":true,"_links":{"self":[{"href":"https:\/\/copypcv.org\/detectplan\/index.php\/wp-json\/wp\/v2\/pages\/117","targetHints":{"allow":["GET"]}}],"collection":[{"href":"https:\/\/copypcv.org\/detectplan\/index.php\/wp-json\/wp\/v2\/pages"}],"about":[{"href":"https:\/\/copypcv.org\/detectplan\/index.php\/wp-json\/wp\/v2\/types\/page"}],"author":[{"embeddable":true,"href":"https:\/\/copypcv.org\/detectplan\/index.php\/wp-json\/wp\/v2\/users\/1"}],"replies":[{"embeddable":true,"href":"https:\/\/copypcv.org\/detectplan\/index.php\/wp-json\/wp\/v2\/comments?post=117"}],"version-history":[{"count":2,"href":"https:\/\/copypcv.org\/detectplan\/index.php\/wp-json\/wp\/v2\/pages\/117\/revisions"}],"predecessor-version":[{"id":119,"href":"https:\/\/copypcv.org\/detectplan\/index.php\/wp-json\/wp\/v2\/pages\/117\/revisions\/119"}],"wp:featuredmedia":[{"embeddable":true,"href":"https:\/\/copypcv.org\/detectplan\/index.php\/wp-json\/wp\/v2\/media\/34"}],"wp:attachment":[{"href":"https:\/\/copypcv.org\/detectplan\/index.php\/wp-json\/wp\/v2\/media?parent=117"}],"curies":[{"name":"wp","href":"https:\/\/api.w.org\/{rel}","templated":true}]}}